{"id":878,"date":"2019-10-28T18:54:24","date_gmt":"2019-10-28T17:54:24","guid":{"rendered":"https:\/\/victorpanicello.com\/novaweb\/?page_id=878"},"modified":"2019-11-01T18:37:19","modified_gmt":"2019-11-01T17:37:19","slug":"blog","status":"publish","type":"page","link":"https:\/\/victorpanicello.com\/es\/blog\/","title":{"rendered":"BLOG"},"content":{"rendered":"<section class=\"fw-main-row\">\n<div class=\"fw-container\">\n<div class=\"inside-container\">\n<div class=\"fw-row\">\n<div class=\"fw-col-xs-12\">\n<div class=\"top-margin\" style=\"margin-top: 3em\">\n<h2 class=\"hide\">Top Margin<\/h2>\n<\/div>\n<\/div>\n<\/div>\n<div class=\"fw-row\">\n<div class=\"fw-col-xs-12\">\n<div class=\"latest-blog-area\">\n<div class=\"latest-blog\">\n<div class=\"latest-blog-content\">\n<div class=\"col-sm-6 col-xs-12\">\n<article class=\"single-blog\">\n<div class=\"single-blog-image\">\n<p>                                <a href=\"https:\/\/victorpanicello.com\/es\/nueva\/\"><\/p>\n<p>                                    <img loading=\"lazy\" decoding=\"async\" width=\"640\" height=\"356\" src=\"https:\/\/victorpanicello.com\/wp-content\/uploads\/2019\/11\/coberta_reaccioquimica-900x500.jpg\" class=\"img-responsive wp-post-image\" alt=\"Reacci\u00f3 Qu\u00edmica de V\u00edctor Panicello\" \/><br \/>\n                                <\/a><\/p><\/div>\n<p><!-- .single-blog-image --><\/p>\n<div class=\"single-blog-description\">\n<h3><a href=\"https:\/\/victorpanicello.com\/es\/nueva\/\">nueva<\/a><\/h3>\n<div class=\"single-blog-details text-uppercase\">\n<p>                                <span class=\"byline\"> por <span class=\"author vcard\"><a class=\"url fn n\" href=\"https:\/\/victorpanicello.com\/es\/author\/victorpanicello-com\/\">victorpanicello.com<\/a><\/span><\/span> | <span class=\"posted-on\">Publicado <a href=\"https:\/\/victorpanicello.com\/es\/nueva\/\" rel=\"bookmark\">1 noviembre, 20191 noviembre, 2019<\/a><\/span>\n                            <\/div>\n<p><!-- .single-blog-details --><\/p>\n<p>                            <a href=\"https:\/\/victorpanicello.com\/es\/nueva\/\" class=\"btn seline-btn-clean\"><br \/>\n                                Read More                            <\/a>\n                        <\/div>\n<p><!-- .single-blog-description --><\/p>\n<\/article>\n<p><!-- .single-blog --><\/p><\/div>\n<p><!-- .col-md-4 --><\/p>\n<div class=\"col-sm-6 col-xs-12\">\n<article class=\"single-blog\">\n<div class=\"single-blog-image\">\n<p>                                <a href=\"https:\/\/victorpanicello.com\/es\/hola-mundo\/\"><\/p>\n<p>                                    <img loading=\"lazy\" decoding=\"async\" width=\"640\" height=\"354\" src=\"https:\/\/victorpanicello.com\/wp-content\/uploads\/2019\/10\/video_fadeuanys-905x500.jpg\" class=\"img-responsive wp-post-image\" alt=\"Video aixo es casa meva\" \/><br \/>\n                                <\/a><\/p><\/div>\n<p><!-- .single-blog-image --><\/p>\n<div class=\"single-blog-description\">\n<h3><a href=\"https:\/\/victorpanicello.com\/es\/hola-mundo\/\">\u00a1Hola, mundo!<\/a><\/h3>\n<div class=\"single-blog-details text-uppercase\">\n<p>                                <span class=\"byline\"> por <span class=\"author vcard\"><a class=\"url fn n\" href=\"https:\/\/victorpanicello.com\/es\/author\/victorpanicello-com\/\">victorpanicello.com<\/a><\/span><\/span> | <span class=\"posted-on\">Publicado <a href=\"https:\/\/victorpanicello.com\/es\/hola-mundo\/\" rel=\"bookmark\">28 agosto, 20191 noviembre, 2019<\/a><\/span>\n                            <\/div>\n<p><!-- .single-blog-details --><\/p>\n<p>Bienvenido a WordPress. Esta es tu primera entrada. Ed\u00edtala o b\u00f3rrala, \u00a1luego empieza a escribir!<\/p>\n<p>                            <a href=\"https:\/\/victorpanicello.com\/es\/hola-mundo\/\" class=\"btn seline-btn-clean\"><br \/>\n                                Read More                            <\/a>\n                        <\/div>\n<p><!-- .single-blog-description --><\/p>\n<\/article>\n<p><!-- .single-blog --><\/p><\/div>\n<p><!-- .col-md-4 --><\/p>\n<div class=\"col-sm-6 col-xs-12\">\n<article class=\"single-blog\">\n<div class=\"single-blog-image\">\n<p>                                <a href=\"https:\/\/victorpanicello.com\/es\/laberinto-guanya-un-prestigios-premi-als-estats-units\/\"><\/p>\n<p>                                    <img loading=\"lazy\" decoding=\"async\" width=\"640\" height=\"356\" src=\"https:\/\/victorpanicello.com\/wp-content\/uploads\/2019\/10\/portadalaberinto-900x500.jpg\" class=\"img-responsive wp-post-image\" alt=\"\" \/><br \/>\n                                <\/a><\/p><\/div>\n<p><!-- .single-blog-image --><\/p>\n<div class=\"single-blog-description\">\n<h3><a href=\"https:\/\/victorpanicello.com\/es\/laberinto-guanya-un-prestigios-premi-als-estats-units\/\">\"Laberinto\" gana un prestigioso premio en Estados Unidos<\/a><\/h3>\n<div class=\"single-blog-details text-uppercase\">\n<p>                                <span class=\"byline\"> por <span class=\"author vcard\"><a class=\"url fn n\" href=\"https:\/\/victorpanicello.com\/es\/author\/victorpanicello-com\/\">victorpanicello.com<\/a><\/span><\/span> | <span class=\"posted-on\">Publicado <a href=\"https:\/\/victorpanicello.com\/es\/laberinto-guanya-un-prestigios-premi-als-estats-units\/\" rel=\"bookmark\">27 octubre, 20171 noviembre, 2019<\/a><\/span>\n                            <\/div>\n<p><!-- .single-blog-details --><\/p>\n<p>27 OCT. 2017 La novel\u00b7la \u201cLaberinto\u201d, en versi\u00f3 en castell\u00e0, ha estat escollida guanyadora del prestigi\u00f3s premi Latino Book Awards, uns del premis literaris m\u00e9s important dels Estats Units. La novel\u00b7la ha guanyat el primer premi en la categoria &nbsp;-Best Young Adult Fiction Book, Spanish or Bilingual \u2013 Aquest premi suposa un gran impuls a<\/p>\n<p>                            <a href=\"https:\/\/victorpanicello.com\/es\/laberinto-guanya-un-prestigios-premi-als-estats-units\/\" class=\"btn seline-btn-clean\"><br \/>\n                                Read More                            <\/a>\n                        <\/div>\n<p><!-- .single-blog-description --><\/p>\n<\/article>\n<p><!-- .single-blog --><\/p><\/div>\n<p><!-- .col-md-4 --><\/p><\/div>\n<p><!-- .latest-blog-content -->\n    <\/div>\n<p><!-- .blog -->\n<\/div>\n<p><!-- .latest-blog-area --><\/div>\n<\/div><\/div>\n<\/p><\/div>\n<\/section>\n<p><!-- a0c16e6c9a804a51026e98eccaee8c03 --><\/p>","protected":false},"excerpt":{"rendered":"<p>Top Margin nueva por victorpanicello.com | Publicado 1 noviembre, 20191 noviembre, 2019 Read More \u00a1Hola, mundo! por victorpanicello.com | Publicado 28 agosto, 20191 noviembre, 2019 Bienvenido a WordPress. Esta es tu primera entrada. Ed\u00edtala o b\u00f3rrala, \u00a1luego empieza a escribir! Read More \u201cLaberinto\u201d guanya un prestigi\u00f3s premi als Estats Units por victorpanicello.com | Publicado 27<\/p>","protected":false},"author":1,"featured_media":0,"parent":0,"menu_order":0,"comment_status":"closed","ping_status":"closed","template":"template-fullwidth.php","meta":{"footnotes":""},"class_list":["post-878","page","type-page","status-publish","hentry"],"brizy_media":[],"_links":{"self":[{"href":"https:\/\/victorpanicello.com\/es\/wp-json\/wp\/v2\/pages\/878","targetHints":{"allow":["GET"]}}],"collection":[{"href":"https:\/\/victorpanicello.com\/es\/wp-json\/wp\/v2\/pages"}],"about":[{"href":"https:\/\/victorpanicello.com\/es\/wp-json\/wp\/v2\/types\/page"}],"author":[{"embeddable":true,"href":"https:\/\/victorpanicello.com\/es\/wp-json\/wp\/v2\/users\/1"}],"replies":[{"embeddable":true,"href":"https:\/\/victorpanicello.com\/es\/wp-json\/wp\/v2\/comments?post=878"}],"version-history":[{"count":15,"href":"https:\/\/victorpanicello.com\/es\/wp-json\/wp\/v2\/pages\/878\/revisions"}],"predecessor-version":[{"id":971,"href":"https:\/\/victorpanicello.com\/es\/wp-json\/wp\/v2\/pages\/878\/revisions\/971"}],"wp:attachment":[{"href":"https:\/\/victorpanicello.com\/es\/wp-json\/wp\/v2\/media?parent=878"}],"curies":[{"name":"wp","href":"https:\/\/api.w.org\/{rel}","templated":true}]}}