{"id":552,"date":"2019-10-20T18:11:18","date_gmt":"2019-10-20T16:11:18","guid":{"rendered":"https:\/\/victorpanicello.com\/novaweb\/?page_id=552"},"modified":"2019-11-15T12:43:54","modified_gmt":"2019-11-15T11:43:54","slug":"llibres","status":"publish","type":"page","link":"https:\/\/victorpanicello.com\/es\/llibres\/","title":{"rendered":"LIBROS"},"content":{"rendered":"<section class=\"fw-main-row\">\n<div class=\"fw-container\">\n<div class=\"inside-container\">\n<div class=\"fw-row\">\n<div class=\"fw-col-xs-12\">\n<div class=\"top-padding\" style=\"padding-top: 10em\">\n<h2 class=\"hide\">Top Padding<\/h2>\n<\/div>\n<\/div>\n<\/div>\n<div class=\"fw-row\">\n<div class=\"fw-col-xs-12\">\n<div class=\"portfolio-area\" id=\"portfolio\">\n<div class=\"portfolio-nav text-center\">\n<ul>\n<li class=\"active\" data-filter=\"*\">Todos<\/li>\n<li data-filter=\".llibres \">libros<\/li>\n<li data-filter=\".projectes-solidaris \">proyectos solidarios<\/li>\n<\/ul><\/div>\n<p><!-- .portfolio-nav --><\/p>\n<div class=\"portfolio-content\" id=\"seline-portfolio-three\">\n<div class=\"seline-portfolio-three col-md-4 col-sm-6 col-xs-12 projectes-solidaris\" style=\"padding-left:15px;padding-right: 15px\">\n<div class=\"grid-item\" style=\"margin-top: 15px\">\n<figure class=\"seline-port-three-item\">\n<p>                            <a href=\"https:\/\/victorpanicello.com\/es\/portfolio\/nunca-lo-hubiera-dicho\/\"><img loading=\"lazy\" decoding=\"async\" width=\"900\" height=\"1401\" src=\"https:\/\/victorpanicello.com\/wp-content\/uploads\/2019\/11\/coberta_nunca_lo_hubiera_dicho.jpg\" class=\"attachment-post-thumbnail size-post-thumbnail wp-post-image\" alt=\"Nunca lo hubiera dicho de V\u00edctor Panicello\" \/><\/a><figcaption>\n<h4><a href=\"https:\/\/victorpanicello.com\/es\/portfolio\/nunca-lo-hubiera-dicho\/\">NUNCA LO HUBIERA DICHO<\/a><\/h4>\n<p>Tras m\u00e1s de 12 sesiones creativas, hemos conseguido un material que pretende, de una manera entretenida, divertida y original, presentar a los j\u00f3venes lectores una visi\u00f3n diversa de la sexualidad que aumente sui tolerancia, empat\u00eda y aceptaci\u00f3n hacia otras maneras de vivir no solo la sexualidad sino tambi\u00e9n la afectividad y las relaciones m\u00e1s personales.<\/p>\n<\/figcaption><\/figure>\n<\/p><\/div>\n<\/p><\/div>\n<p><!-- .col-md-4 --><\/p>\n<div class=\"seline-portfolio-three col-md-4 col-sm-6 col-xs-12 llibres\" style=\"padding-left:15px;padding-right: 15px\">\n<div class=\"grid-item\" style=\"margin-top: 15px\">\n<figure class=\"seline-port-three-item\">\n<p>                            <a href=\"https:\/\/victorpanicello.com\/es\/portfolio\/synchronicity\/\"><img loading=\"lazy\" decoding=\"async\" width=\"900\" height=\"1401\" src=\"https:\/\/victorpanicello.com\/wp-content\/uploads\/2019\/11\/coberta_sinchronicity.jpg\" class=\"attachment-post-thumbnail size-post-thumbnail wp-post-image\" alt=\"Synchronicity de V\u00edctor Panicello\" \/><\/a><figcaption>\n<h4><a href=\"https:\/\/victorpanicello.com\/es\/portfolio\/synchronicity\/\">SYNCHRONICITY<\/a><\/h4>\n<p>Definimos Synchronicity (sincronicidad en ingl\u00e9s) como la coincidencia temporal de dos o m\u00e1s sucesos relacionados entre s\u00ed de una manera no causal, es decir, una no causa la otra, por lo menos aparentemente.<\/p>\n<\/figcaption><\/figure>\n<\/p><\/div>\n<\/p><\/div>\n<p><!-- .col-md-4 --><\/p>\n<div class=\"seline-portfolio-three col-md-4 col-sm-6 col-xs-12 projectes-solidaris\" style=\"padding-left:15px;padding-right: 15px\">\n<div class=\"grid-item\" style=\"margin-top: 15px\">\n<figure class=\"seline-port-three-item\">\n<p>                            <a href=\"https:\/\/victorpanicello.com\/es\/portfolio\/la-ciutat\/\"><img loading=\"lazy\" decoding=\"async\" width=\"900\" height=\"1401\" src=\"https:\/\/victorpanicello.com\/wp-content\/uploads\/2019\/11\/coberta_laciutat.jpg\" class=\"attachment-post-thumbnail size-post-thumbnail wp-post-image\" alt=\"La ciutat llibre de V\u00edctor Panicello\" \/><\/a><figcaption>\n<h4><a href=\"https:\/\/victorpanicello.com\/es\/portfolio\/la-ciutat\/\">LA CIUTAT<\/a><\/h4>\n<p>Esta novela ha sido realizada de manera colectiva con un grupo de 10 j\u00f3venes comprometidos con su entorno y vinculados a varias entidades, que act\u00faan para mejorar determinados aspectos de car\u00e1cter social, ya sean locales y\/o globales.<\/p>\n<\/figcaption><\/figure>\n<\/p><\/div>\n<\/p><\/div>\n<p><!-- .col-md-4 --><\/p>\n<div class=\"seline-portfolio-three col-md-4 col-sm-6 col-xs-12 projectes-solidaris\" style=\"padding-left:15px;padding-right: 15px\">\n<div class=\"grid-item\" style=\"margin-top: 15px\">\n<figure class=\"seline-port-three-item\">\n<p>                            <a href=\"https:\/\/victorpanicello.com\/es\/portfolio\/pedres-al-cami\/\"><img loading=\"lazy\" decoding=\"async\" width=\"839\" height=\"1305\" src=\"https:\/\/victorpanicello.com\/wp-content\/uploads\/2019\/10\/cobertaPEDRES.jpg\" class=\"attachment-post-thumbnail size-post-thumbnail wp-post-image\" alt=\"Pedres al cam\u00ed per V\u00edctor Panicello\" \/><\/a><figcaption>\n<h4><a href=\"https:\/\/victorpanicello.com\/es\/portfolio\/pedres-al-cami\/\">PEDRES AL CAM\u00cd<\/a><\/h4>\n<p>Una historia basada en las experiencias y vivencias de un grupo de j\u00f3venes que, por problemas de conducta o de absentismo escolar, cursan sus estudios obligatorios de ESO en una Unidad de Escolarizaci\u00f3n compartida, donde luchan para devolver al circuito educativo en busca de una nueva oportunidad.<\/p>\n<\/figcaption><\/figure>\n<\/p><\/div>\n<\/p><\/div>\n<p><!-- .col-md-4 --><\/p>\n<div class=\"seline-portfolio-three col-md-4 col-sm-6 col-xs-12 projectes-solidaris\" style=\"padding-left:15px;padding-right: 15px\">\n<div class=\"grid-item\" style=\"margin-top: 15px\">\n<figure class=\"seline-port-three-item\">\n<p>                            <a href=\"https:\/\/victorpanicello.com\/es\/portfolio\/que-sientes-cuando-no-sientes-nada\/\"><img loading=\"lazy\" decoding=\"async\" width=\"900\" height=\"1401\" src=\"https:\/\/victorpanicello.com\/wp-content\/uploads\/2019\/11\/coberta_que_sientes_cuando_no_sientes_nada.jpg\" class=\"attachment-post-thumbnail size-post-thumbnail wp-post-image\" alt=\"Qu\u00e9 sientes cuando no sientes nada de V\u00edctor Panicello\" \/><\/a><figcaption>\n<h4><a href=\"https:\/\/victorpanicello.com\/es\/portfolio\/que-sientes-cuando-no-sientes-nada\/\">QUE SIENTES CUANDO NO SIENTES NADA<\/a><\/h4>\n<p>En la versi\u00f3n en castellano de esta novela, han colaborado un grupo de 8 chicas sevillanas, pacientes del Centro ABB de Sevilla. Los derechos de autor se han cedido a la Fundaci\u00f3n.<\/p>\n<\/figcaption><\/figure>\n<\/p><\/div>\n<\/p><\/div>\n<p><!-- .col-md-4 --><\/p>\n<div class=\"seline-portfolio-three col-md-4 col-sm-6 col-xs-12 projectes-solidaris\" style=\"padding-left:15px;padding-right: 15px\">\n<div class=\"grid-item\" style=\"margin-top: 15px\">\n<figure class=\"seline-port-three-item\">\n<p>                            <a href=\"https:\/\/victorpanicello.com\/es\/portfolio\/que-sents-quan-no-sents-res\/\"><img loading=\"lazy\" decoding=\"async\" width=\"900\" height=\"1401\" src=\"https:\/\/victorpanicello.com\/wp-content\/uploads\/2019\/10\/cobertaquesentsquannosentsres.jpg\" class=\"attachment-post-thumbnail size-post-thumbnail wp-post-image\" alt=\"que sents quan no sents res, coberta del llibre\" \/><\/a><figcaption>\n<h4><a href=\"https:\/\/victorpanicello.com\/es\/portfolio\/que-sents-quan-no-sents-res\/\">QUE SENTS QUAN NO SENTS RES<\/a><\/h4>\n<p>Esta novela ha sido realizada de manera colectiva con un grupo de 13 chicas y 1 chico que sufren trastornos de la conducta alimentaria. A lo largo de unos meses de trabajo, he podido escuchar sus experiencias vitales y descubrir como de duros pueden ser estos trastornos.<\/p>\n<\/figcaption><\/figure>\n<\/p><\/div>\n<\/p><\/div>\n<p><!-- .col-md-4 --><\/p>\n<div class=\"seline-portfolio-three col-md-4 col-sm-6 col-xs-12 llibres\" style=\"padding-left:15px;padding-right: 15px\">\n<div class=\"grid-item\" style=\"margin-top: 15px\">\n<figure class=\"seline-port-three-item\">\n<p>                            <a href=\"https:\/\/victorpanicello.com\/es\/portfolio\/la-tercera-oportunidad\/\"><img loading=\"lazy\" decoding=\"async\" width=\"900\" height=\"1401\" src=\"https:\/\/victorpanicello.com\/wp-content\/uploads\/2019\/11\/portada_tercera_oportunidad.jpg\" class=\"attachment-post-thumbnail size-post-thumbnail wp-post-image\" alt=\"La tecera oportunidad de V\u00edctor Panicello\" \/><\/a><figcaption>\n<h4><a href=\"https:\/\/victorpanicello.com\/es\/portfolio\/la-tercera-oportunidad\/\">LA TERCERA OPORTUNIDAD<\/a><\/h4>\n<p>Como autor, creo que su punto fuerte, lo que me apasion\u00f3 en el momento de escribirla fue precisamente que la llev\u00e9 a cabo tal y como me surgi\u00f3, sin detenerme a pensar en si el tratamiento y la estructura podr\u00edan suponer un freno para su publicaci\u00f3n.<\/p>\n<\/figcaption><\/figure>\n<\/p><\/div>\n<\/p><\/div>\n<p><!-- .col-md-4 --><\/p>\n<div class=\"seline-portfolio-three col-md-4 col-sm-6 col-xs-12 projectes-solidaris\" style=\"padding-left:15px;padding-right: 15px\">\n<div class=\"grid-item\" style=\"margin-top: 15px\">\n<figure class=\"seline-port-three-item\">\n<p>                            <a href=\"https:\/\/victorpanicello.com\/es\/portfolio\/reaccio-quimica\/\"><img loading=\"lazy\" decoding=\"async\" width=\"900\" height=\"1401\" src=\"https:\/\/victorpanicello.com\/wp-content\/uploads\/2019\/11\/coberta_reaccioquimica.jpg\" class=\"attachment-post-thumbnail size-post-thumbnail wp-post-image\" alt=\"Reacci\u00f3 Qu\u00edmica de V\u00edctor Panicello\" \/><\/a><figcaption>\n<h4><a href=\"https:\/\/victorpanicello.com\/es\/portfolio\/reaccio-quimica\/\">REACCI\u00d3 QU\u00cdMICA<\/a><\/h4>\n<p>Este es un libro construido de forma colectiva con un grupo de chicos y chicas invidentes \u2013 Jordi, Sergi, Georgiana, Laura, Guillem, V\u00edctor y Sara \u2013 y el apoyo del Centro de Recursos Educativos de la ONCE a Barcelona. Ha sido un proyecto con una ejecuci\u00f3n larga, puesto que todo el proceso ha durado m\u00e1s de un a\u00f1o, pero cada proyecto tiene su propio ritmo<\/p>\n<\/figcaption><\/figure>\n<\/p><\/div>\n<\/p><\/div>\n<p><!-- .col-md-4 --><\/p>\n<div class=\"seline-portfolio-three col-md-4 col-sm-6 col-xs-12 llibres\" style=\"padding-left:15px;padding-right: 15px\">\n<div class=\"grid-item\" style=\"margin-top: 15px\">\n<figure class=\"seline-port-three-item\">\n<p>                            <a href=\"https:\/\/victorpanicello.com\/es\/portfolio\/laberint\/\"><img loading=\"lazy\" decoding=\"async\" width=\"900\" height=\"1401\" src=\"https:\/\/victorpanicello.com\/wp-content\/uploads\/2019\/10\/portadalaberint.jpg\" class=\"attachment-post-thumbnail size-post-thumbnail wp-post-image\" alt=\"Laberint de V\u00edctor Panicello\" \/><\/a><figcaption>\n<h4><a href=\"https:\/\/victorpanicello.com\/es\/portfolio\/laberint\/\">LABERINTO<\/a><\/h4>\n<p>Esta es una obra de ficci\u00f3n que nace puramente de la necesidad de dejar volar la imaginaci\u00f3n y la creatividad para explorar nueve horizontes. Tanto es as\u00ed, que decid\u00ed crear todo un mundo nuevo de fantas\u00eda, que pose al l\u00edmite la supervivencia de sus habitantes que buscan una identidad personal y de grupo. <\/p>\n<\/figcaption><\/figure>\n<\/p><\/div>\n<\/p><\/div>\n<p><!-- .col-md-4 --><\/p>\n<div class=\"seline-portfolio-three col-md-4 col-sm-6 col-xs-12 projectes-solidaris\" style=\"padding-left:15px;padding-right: 15px\">\n<div class=\"grid-item\" style=\"margin-top: 15px\">\n<figure class=\"seline-port-three-item\">\n<p>                            <a href=\"https:\/\/victorpanicello.com\/es\/portfolio\/7000-metres-quadrats-de-gespa\/\"><img loading=\"lazy\" decoding=\"async\" width=\"900\" height=\"1401\" src=\"https:\/\/victorpanicello.com\/wp-content\/uploads\/2019\/10\/portada7000metresdegespa.jpg\" class=\"attachment-post-thumbnail size-post-thumbnail wp-post-image\" alt=\"7000 metres quadrats de gespa de V\u00edctor Panicello\" \/><\/a><figcaption>\n<h4><a href=\"https:\/\/victorpanicello.com\/es\/portfolio\/7000-metres-quadrats-de-gespa\/\">7000 METRES QUADRATS DE GESPA<\/a><\/h4>\n<p>El mundo del deporte profesional, especialmente el del f\u00fatbol, siempre me ha interesado, especialmente para intentar conocer m\u00e1s a fondo su funcionamiento interno, aquel que no se ve a los medios. <\/p>\n<\/figcaption><\/figure>\n<\/p><\/div>\n<\/p><\/div>\n<p><!-- .col-md-4 --><\/p>\n<div class=\"seline-portfolio-three col-md-4 col-sm-6 col-xs-12 projectes-solidaris\" style=\"padding-left:15px;padding-right: 15px\">\n<div class=\"grid-item\" style=\"margin-top: 15px\">\n<figure class=\"seline-port-three-item\">\n<p>                            <a href=\"https:\/\/victorpanicello.com\/es\/portfolio\/fa-deu-anys-que-vaig-arribar-i-encara-no-se-on-es-casa-meva\/\"><img loading=\"lazy\" decoding=\"async\" width=\"900\" height=\"1401\" src=\"https:\/\/victorpanicello.com\/wp-content\/uploads\/2019\/10\/portadafadeuanys.jpg\" class=\"attachment-post-thumbnail size-post-thumbnail wp-post-image\" alt=\"Fa deu anys que vaig arribar i encara no s\u00e9 on \u00e9s casa meva de V\u00edctor Panicello\" \/><\/a><figcaption>\n<h4><a href=\"https:\/\/victorpanicello.com\/es\/portfolio\/fa-deu-anys-que-vaig-arribar-i-encara-no-se-on-es-casa-meva\/\">FA DEU ANYS QUE VAIG ARRIBAR I ENCARA NO S\u00c9 ON \u00c9S CASA MEVA<\/a><\/h4>\n<p>El Attique, el Moha, la Yakersi, Ana, Marian, Jonathan, Carla y la Nathalia han sido los protagonistas de esta novela que pretende explicar quien sue\u00f1o estos j\u00f3venes que viven entre nosotros y a quienes conocemos muy poco. <\/p>\n<\/figcaption><\/figure>\n<\/p><\/div>\n<\/p><\/div>\n<p><!-- .col-md-4 --><\/p>\n<div class=\"seline-portfolio-three col-md-4 col-sm-6 col-xs-12 projectes-solidaris\" style=\"padding-left:15px;padding-right: 15px\">\n<div class=\"grid-item\" style=\"margin-top: 15px\">\n<figure class=\"seline-port-three-item\">\n<p>                            <a href=\"https:\/\/victorpanicello.com\/es\/portfolio\/autisme-trenquem-el-silenci\/\"><img loading=\"lazy\" decoding=\"async\" width=\"900\" height=\"1401\" src=\"https:\/\/victorpanicello.com\/wp-content\/uploads\/2019\/10\/portadaautisme.jpg\" class=\"attachment-post-thumbnail size-post-thumbnail wp-post-image\" alt=\"Autisme: trenquem el silenci de V\u00edctor Panicello\" \/><\/a><figcaption>\n<h4><a href=\"https:\/\/victorpanicello.com\/es\/portfolio\/autisme-trenquem-el-silenci\/\">AUTISME: TRENQUEM EL SILENCI<\/a><\/h4>\n<p>Un grupo de poetas contactaron conmigo porque los ayudara a poner en marcha alguna acci\u00f3n de sensibilizaci\u00f3n social alrededor del autismo y que estuviera relacionada con la literatura. La propuesta fue intentar hacer un poemario con aportaciones de poetas de todo los pa\u00edses catalanes \u2013 Catalu\u00f1a, Baleares, Val\u00e8ncia, Andorra \u2013 <\/p>\n<\/figcaption><\/figure>\n<\/p><\/div>\n<\/p><\/div>\n<p><!-- .col-md-4 --><\/p>\n<div class=\"seline-portfolio-three col-md-4 col-sm-6 col-xs-12 projectes-solidaris\" style=\"padding-left:15px;padding-right: 15px\">\n<div class=\"grid-item\" style=\"margin-top: 15px\">\n<figure class=\"seline-port-three-item\">\n<p>                            <a href=\"https:\/\/victorpanicello.com\/es\/portfolio\/250-quilometres\/\"><img loading=\"lazy\" decoding=\"async\" width=\"900\" height=\"1401\" src=\"https:\/\/victorpanicello.com\/wp-content\/uploads\/2019\/10\/portada250quilometres.jpg\" class=\"attachment-post-thumbnail size-post-thumbnail wp-post-image\" alt=\"250 quil\u00f2metres de V\u00edctor Panicello\" \/><\/a><figcaption>\n<h4><a href=\"https:\/\/victorpanicello.com\/es\/portfolio\/250-quilometres\/\">250 QUIL\u00d2METRES<\/a><\/h4>\n<p>Se trata de la primera obra de creaci\u00f3n colectiva que llev\u00e9 a cabo y disfrut\u00e9 mucho del proceso que hicimos juntos, especialmente con todas las personas que participaron. <\/p>\n<\/figcaption><\/figure>\n<\/p><\/div>\n<\/p><\/div>\n<p><!-- .col-md-4 --><\/p>\n<div class=\"seline-portfolio-three col-md-4 col-sm-6 col-xs-12 projectes-solidaris\" style=\"padding-left:15px;padding-right: 15px\">\n<div class=\"grid-item\" style=\"margin-top: 15px\">\n<figure class=\"seline-port-three-item\">\n<p>                            <a href=\"https:\/\/victorpanicello.com\/es\/portfolio\/la-forca-del-barca\/\"><img loading=\"lazy\" decoding=\"async\" width=\"900\" height=\"1401\" src=\"https:\/\/victorpanicello.com\/wp-content\/uploads\/2019\/10\/portadaforcadelbarca.jpg\" class=\"attachment-post-thumbnail size-post-thumbnail wp-post-image\" alt=\"La for\u00e7a del Bar\u00e7a de V\u00edctor Panicello i la Fundacio Messi\" \/><\/a><figcaption>\n<h4><a href=\"https:\/\/victorpanicello.com\/es\/portfolio\/la-forca-del-barca\/\">LA FUERZA DEL BAR\u00c7A<\/a><\/h4>\n<p>La Fundaci\u00f3n del FC Barcelona me hizo el encargo de hacer un cuento infantil coincidiendo con la Fiesta de San Jorge de 2013. El cuento tiene unas fant\u00e1sticas ilustraciones de la Marta Biel.<\/p>\n<\/figcaption><\/figure>\n<\/p><\/div>\n<\/p><\/div>\n<p><!-- .col-md-4 --><\/p>\n<div class=\"seline-portfolio-three col-md-4 col-sm-6 col-xs-12 projectes-solidaris\" style=\"padding-left:15px;padding-right: 15px\">\n<div class=\"grid-item\" style=\"margin-top: 15px\">\n<figure class=\"seline-port-three-item\">\n<p>                            <a href=\"https:\/\/victorpanicello.com\/es\/portfolio\/la-samarreta-magica\/\"><img loading=\"lazy\" decoding=\"async\" width=\"900\" height=\"1401\" src=\"https:\/\/victorpanicello.com\/wp-content\/uploads\/2019\/10\/portadasamarretamagica.jpg\" class=\"attachment-post-thumbnail size-post-thumbnail wp-post-image\" alt=\"La samarreta m\u00e0gica de V\u00edctor Panicello\" \/><\/a><figcaption>\n<h4><a href=\"https:\/\/victorpanicello.com\/es\/portfolio\/la-samarreta-magica\/\">LA SAMARRETA M\u00c0GICA<\/a><\/h4>\n<p>El encargo de este cuento infantil por parte de la Fundaci\u00f3n del FC Barcelona gener\u00f3 unas semanas de intenso trabajo con los amigos de la Fundaci\u00f3n Alma, especialmente de la Marina Sanmart\u00edn. <\/p>\n<\/figcaption><\/figure>\n<\/p><\/div>\n<\/p><\/div>\n<p><!-- .col-md-4 --><\/p>\n<div class=\"seline-portfolio-three col-md-4 col-sm-6 col-xs-12 llibres\" style=\"padding-left:15px;padding-right: 15px\">\n<div class=\"grid-item\" style=\"margin-top: 15px\">\n<figure class=\"seline-port-three-item\">\n<p>                            <a href=\"https:\/\/victorpanicello.com\/es\/portfolio\/la-llum-de-tunguska\/\"><img loading=\"lazy\" decoding=\"async\" width=\"900\" height=\"1401\" src=\"https:\/\/victorpanicello.com\/wp-content\/uploads\/2019\/10\/portadallumdetunguska.jpg\" class=\"attachment-post-thumbnail size-post-thumbnail wp-post-image\" alt=\"La llum de Tunguska de V\u00edctor Panicello\" \/><\/a><figcaption>\n<h4><a href=\"https:\/\/victorpanicello.com\/es\/portfolio\/la-llum-de-tunguska\/\">LA LLUM DE TUNGUSKA<\/a><\/h4>\n<p>Esta novela toma como punto de partida otra que escrib\u00ed unos a\u00f1os atr\u00e1s y que no lleg\u00f3 a encontrar editorial para su publicaci\u00f3n. En aquel caso, la novela se titulaba \u201cLa burbuja\u201d puesto que lo hab\u00eda escrito originalmente en castellano. <\/p>\n<\/figcaption><\/figure>\n<\/p><\/div>\n<\/p><\/div>\n<p><!-- .col-md-4 --><\/p>\n<div class=\"seline-portfolio-three col-md-4 col-sm-6 col-xs-12 llibres\" style=\"padding-left:15px;padding-right: 15px\">\n<div class=\"grid-item\" style=\"margin-top: 15px\">\n<figure class=\"seline-port-three-item\">\n<p>                            <a href=\"https:\/\/victorpanicello.com\/es\/portfolio\/la-mort-deixa-cicatrius\/\"><img loading=\"lazy\" decoding=\"async\" width=\"900\" height=\"1401\" src=\"https:\/\/victorpanicello.com\/wp-content\/uploads\/2019\/10\/portadamortdeixacicatrius.jpg\" class=\"attachment-post-thumbnail size-post-thumbnail wp-post-image\" alt=\"La mort deixa cicatrius de V\u00edctor Panicello\" \/><\/a><figcaption>\n<h4><a href=\"https:\/\/victorpanicello.com\/es\/portfolio\/la-mort-deixa-cicatrius\/\">LA MORT DEIXA CICATRIUS<\/a><\/h4>\n<p>Cuando afront\u00e9 esta narraci\u00f3n en 2010, lo hice como homenaje a la muerte de mi hermano peque\u00f1o, unos a\u00f1os atr\u00e1s en una situaci\u00f3n similar a la que se relata a la novela, sin que esto suponga en absoluto que se trate de un relato autobiogr\u00e1fico.<\/p>\n<\/figcaption><\/figure>\n<\/p><\/div>\n<\/p><\/div>\n<p><!-- .col-md-4 --><\/p>\n<div class=\"seline-portfolio-three col-md-4 col-sm-6 col-xs-12 llibres\" style=\"padding-left:15px;padding-right: 15px\">\n<div class=\"grid-item\" style=\"margin-top: 15px\">\n<figure class=\"seline-port-three-item\">\n<p>                            <a href=\"https:\/\/victorpanicello.com\/es\/portfolio\/des-de-saturn-com\/\"><img loading=\"lazy\" decoding=\"async\" width=\"900\" height=\"1401\" src=\"https:\/\/victorpanicello.com\/wp-content\/uploads\/2019\/10\/portadadesdesaturcom.jpg\" class=\"attachment-post-thumbnail size-post-thumbnail wp-post-image\" alt=\"Des de saturn.com de V\u00edctor Panicello\" \/><\/a><figcaption>\n<h4><a href=\"https:\/\/victorpanicello.com\/es\/portfolio\/des-de-saturn-com\/\">DES DE SATUR.COM<\/a><\/h4>\n<p>Premio Ciudad de Badalona Narrativa Juvenil 2003. Esta novela habla sobre como los j\u00f3venes tienen que enfrentarse a las complicaciones del mundo donde viven y como la necesidad de tomar decisiones que los afectan los hace madurar, a pesar de que no siempre se sienten preparados para avanzar en su camino vital.<\/p>\n<\/figcaption><\/figure>\n<\/p><\/div>\n<\/p><\/div>\n<p><!-- .col-md-4 --><\/p>\n<div class=\"seline-portfolio-three col-md-4 col-sm-6 col-xs-12 llibres\" style=\"padding-left:15px;padding-right: 15px\">\n<div class=\"grid-item\" style=\"margin-top: 15px\">\n<figure class=\"seline-port-three-item\">\n<p>                            <a href=\"https:\/\/victorpanicello.com\/es\/portfolio\/tot-despertant-la-lluna\/\"><img loading=\"lazy\" decoding=\"async\" width=\"900\" height=\"1401\" src=\"https:\/\/victorpanicello.com\/wp-content\/uploads\/2019\/10\/portadadespertantlalluna.jpg\" class=\"attachment-post-thumbnail size-post-thumbnail wp-post-image\" alt=\"Tot despertant la lluna de V\u00edctor Panicello\" \/><\/a><figcaption>\n<h4><a href=\"https:\/\/victorpanicello.com\/es\/portfolio\/tot-despertant-la-lluna\/\">TOT DESPERTANT LA LLUNA<\/a><\/h4>\n<p>Esta fue mi primera novela en catal\u00e1n, llena de una inocencia infantil que a menudo se pierde cuando nos vamos tirando grandes. Mi pretensi\u00f3n era redescubrir, a trav\u00e9s de los ojos de en Xavier, cosas sencillas que nos rodean y que ya no vemos porque no prestamos atenci\u00f3n.<\/p>\n<\/figcaption><\/figure>\n<\/p><\/div>\n<\/p><\/div>\n<p><!-- .col-md-4 --><\/p>\n<div class=\"seline-portfolio-three col-md-4 col-sm-6 col-xs-12 llibres\" style=\"padding-left:15px;padding-right: 15px\">\n<div class=\"grid-item\" style=\"margin-top: 15px\">\n<figure class=\"seline-port-three-item\">\n<p>                            <a href=\"https:\/\/victorpanicello.com\/es\/portfolio\/fatidico-dia-de-reyes\/\"><img loading=\"lazy\" decoding=\"async\" width=\"800\" height=\"1245\" src=\"https:\/\/victorpanicello.com\/wp-content\/uploads\/2019\/10\/cobertafatidicodiareyes.jpg\" class=\"attachment-post-thumbnail size-post-thumbnail wp-post-image\" alt=\"El fat\u00eddico d\u00eda de Reyes de V\u00edctor Panicello\" \/><\/a><figcaption>\n<h4><a href=\"https:\/\/victorpanicello.com\/es\/portfolio\/fatidico-dia-de-reyes\/\">EL FAT\u00cdDICO D\u00cdA DE REYES<\/a><\/h4>\n<p>Esta fue la primera novela que publiqu\u00e9 y esto la convierte en una de muy especial. Su proceso de creaci\u00f3n fue diferente a la mayor\u00eda de las que he hecho desprendido puesto que naci\u00f3 casi sin quererlo, fruto de una carta de rechazo de una novela.<\/p>\n<\/figcaption><\/figure>\n<\/p><\/div>\n<\/p><\/div>\n<p><!-- .col-md-4 --><\/p>\n<\/div>\n<p><!-- .portfolio-content --><\/p>\n<\/div>\n<p><!-- .portfolio-area -->\n<\/div>\n<\/div>\n<div class=\"fw-row\">\n<div class=\"fw-col-xs-12\">\n<div class=\"bottom-margin\" style=\"margin-bottom: 10em\">\n<h2 class=\"hide\">Bottom Margin<\/h2>\n<\/div>\n<\/div>\n<\/div><\/div>\n<\/p><\/div>\n<\/section>\n<p><!-- 999275c6c663ca6a7a24b0e928f35483 --><\/p>","protected":false},"excerpt":{"rendered":"<p>Top Padding All llibres projectes solidaris NUNCA LO HUBIERA DICHO Despr\u00e9s de m\u00e9s de 12 sessions creatives, hem aconseguit un material que pret\u00e9n, d&#8217;una manera entretinguda, divertida i original, presentar als joves lectors una visi\u00f3 diversa de la sexualitat que augmente la seua toler\u00e0ncia, empatia i acceptaci\u00f3 cap a altres maneres de viure no sols<\/p>","protected":false},"author":1,"featured_media":0,"parent":0,"menu_order":0,"comment_status":"closed","ping_status":"closed","template":"template-fullwidth.php","meta":{"footnotes":""},"class_list":["post-552","page","type-page","status-publish","hentry"],"brizy_media":[],"_links":{"self":[{"href":"https:\/\/victorpanicello.com\/es\/wp-json\/wp\/v2\/pages\/552","targetHints":{"allow":["GET"]}}],"collection":[{"href":"https:\/\/victorpanicello.com\/es\/wp-json\/wp\/v2\/pages"}],"about":[{"href":"https:\/\/victorpanicello.com\/es\/wp-json\/wp\/v2\/types\/page"}],"author":[{"embeddable":true,"href":"https:\/\/victorpanicello.com\/es\/wp-json\/wp\/v2\/users\/1"}],"replies":[{"embeddable":true,"href":"https:\/\/victorpanicello.com\/es\/wp-json\/wp\/v2\/comments?post=552"}],"version-history":[{"count":42,"href":"https:\/\/victorpanicello.com\/es\/wp-json\/wp\/v2\/pages\/552\/revisions"}],"predecessor-version":[{"id":954,"href":"https:\/\/victorpanicello.com\/es\/wp-json\/wp\/v2\/pages\/552\/revisions\/954"}],"wp:attachment":[{"href":"https:\/\/victorpanicello.com\/es\/wp-json\/wp\/v2\/media?parent=552"}],"curies":[{"name":"wp","href":"https:\/\/api.w.org\/{rel}","templated":true}]}}