{"id":1667,"date":"2019-11-11T18:50:33","date_gmt":"2019-11-11T17:50:33","guid":{"rendered":"https:\/\/victorpanicello.com\/novaweb\/?page_id=1667"},"modified":"2025-12-02T12:34:19","modified_gmt":"2025-12-02T11:34:19","slug":"serveis","status":"publish","type":"page","link":"https:\/\/victorpanicello.com\/es\/serveis\/","title":{"rendered":"Serveis"},"content":{"rendered":"<div class=\"brz-root__container brz-reset-all\">\n<section id=\"iaatruckzgcxwqubzjcawyljvhavbemgeulb\" class=\"brz-section brz-css-tkBma\">\n<div class=\"brz-section__content brz-section--boxed brz-css-xfXzT brz-css-tJef1\" data-brz-custom-id=\"nidtoccrbpuumlxkgjwzneklrbyjzrnxayeu\">\n<div class=\"brz-bg\">\n<div class=\"brz-bg-color\"><\/div>\n<\/div>\n<div class=\"brz-container brz-css-r_GIj\">\n<div class=\"brz-row__container brz-css-rvhdp\" data-brz-custom-id=\"bvxsncrcezmmylmudnxdjprvogewlficrnjk\">\n<div class=\"brz-bg\"><\/div>\n<div class=\"brz-row brz-css-nlLDS brz-css-wqLPA\">\n<div class=\"brz-columns brz-css-jGzHP brz-css-wFOaJ\" data-brz-custom-id=\"oudkrhtwyndgdhloccabcspugbqqsedincqg\">\n<div class=\"brz-bg\"><\/div>\n<div class=\"brz-column__items brz-css-wiQnp brz-css-aMrlE\">\n<div id class=\"brz-css-lubjB brz-css-qwqiG brz-wrapper\">\n<div class=\"brz-rich-text brz-rich-text__custom brz-css-hNmuZ\" data-brz-custom-id=\"lyitjwabffschoveguaghgaxrzcighoruvbj\">\n<div data-brz-translate-text=\"1\">\n<p class=\"brz-fw-xs-im-700 brz-fw-sm-im-700 brz-fw-lg-700 brz-lh-lg-1_3 brz-lh-sm-im-1_3 brz-lh-xs-im-1_3 brz-ls-lg-m_1_5 brz-ls-sm-im-m_1 brz-ls-xs-im-m_1 brz-ff-playfair_display brz-ft-google brz-fs-lg-36 brz-fs-sm-im-20 brz-fs-xs-37 brz-css-qQFHG\"><span class=\"brz-cp-color2\">Convertirse en escritor requiere algo m\u00e1s que querer escribir.<\/span><\/p>\n<\/div>\n<\/div>\n<\/div>\n<div id class=\"brz-css-lubjB brz-wrapper\">\n<div class=\"brz-rich-text brz-rich-text__custom brz-css-hNmuZ\" data-brz-custom-id=\"lkpnxcigjlzupoflmrftpmuxobfutyidjoah\">\n<div data-brz-translate-text=\"1\">\n<p class=\"brz-mb-xs-15 brz-mb-lg-20 brz-lh-lg-1_7 brz-lh-sm-im-1_6 brz-lh-xs-im-1_6 brz-ls-lg-0 brz-ls-sm-im-0 brz-ls-xs-im-0 brz-ff-playfair_display brz-ft-google brz-fs-lg-19 brz-fs-sm-im-18 brz-fs-xs-im-18 brz-fw-lg-700 brz-fw-sm-im-700 brz-fw-xs-im-700 brz-text-xs-left brz-css-w7nF9\"><span class=\"brz-cp-color3\">Coaching Literario<\/span><\/p>\n<p class=\"brz-fw-xs-im-400 brz-fw-sm-im-400 brz-fw-lg-400 brz-text-lg-left brz-ls-xs-im-0 brz-ls-sm-im-0 brz-ls-lg-0 brz-fs-xs-im-15 brz-fs-sm-im-15 brz-fs-lg-16 brz-lh-xs-im-1_6 brz-lh-sm-im-1_6 brz-lh-lg-1_7 brz-mb-xs-15 brz-ff-montserrat brz-ft-google brz-mb-lg-0 brz-text-xs-left brz-css-kSvnW\"><span class=\"brz-cp-color1\">Escribir es un ejercicio de exteriorizar aquello que primero hay que construir desde el interior y para hacerlo hace falta una combinaci\u00f3n equilibrada de dos elementos que no siempre encajan: la creatividad y el rigor. <\/span><\/p>\n<p class=\"brz-fw-xs-im-400 brz-fw-sm-im-400 brz-fw-lg-400 brz-text-lg-left brz-ls-xs-im-0 brz-ls-sm-im-0 brz-ls-lg-0 brz-fs-xs-im-15 brz-fs-sm-im-15 brz-fs-lg-16 brz-lh-xs-im-1_6 brz-lh-sm-im-1_6 brz-lh-lg-1_7 brz-mb-xs-15 brz-ff-montserrat brz-ft-google brz-mb-lg-0 brz-text-xs-left brz-css-h8Rxm\"><span class=\"brz-cp-color1\">Muchos de los factores que se deben dominar en un relato, requieren, a menudo, de una mirada externa que permita contemplar fr\u00edamente todo el panorama creativo.\n\nEl asesoramiento literario se ofrece siempre a posteriori, mediante un informe que habla de los defectos de estilo o ortotipogr\u00e1ficos. Sin embargo, en la mayor\u00eda de los casos, las posibilidades reales de correcci\u00f3n quedan muy limitadas al tratarse de un texto ya acabado en el qu\u00e9 es dif\u00edcil hacer grandes cambios sin que toda la estructura se tambalee.<\/span><\/p>\n<p class=\"brz-fw-xs-im-400 brz-fw-sm-im-400 brz-fw-lg-400 brz-text-lg-left brz-ff-montserrat brz-ls-xs-im-0 brz-ls-sm-im-0 brz-ls-lg-0 brz-fs-xs-im-15 brz-fs-sm-im-15 brz-fs-lg-16 brz-lh-xs-im-1_6 brz-lh-sm-im-1_6 brz-lh-lg-1_7 brz-mb-xs-15 brz-mb-lg-20 brz-ft-google brz-text-xs-left brz-css-bt0zF\"><span class=\"brz-cp-color1\">Es por eso que, desde la experiencia de muchos a\u00f1os de escribir creo mucho m\u00e1s en el concepto de acompa\u00f1amiento creativo en todas sus fases fomentando tu talento y tus puntos fuertes para conseguir que el resultado sea un \u00e9xito personal, literario y profesional. <\/span><\/p>\n<p class=\"brz-fw-xs-im-400 brz-fw-sm-im-400 brz-fw-lg-400 brz-text-lg-left brz-ff-montserrat brz-ls-xs-im-0 brz-ls-sm-im-0 brz-ls-lg-0 brz-fs-xs-im-15 brz-fs-sm-im-15 brz-fs-lg-16 brz-lh-xs-im-1_6 brz-lh-sm-im-1_6 brz-lh-lg-1_7 brz-mb-xs-15 brz-mb-lg-20 brz-ft-google brz-text-xs-left brz-css-r0MG3\"><span class=\"brz-cp-color1\">Trabajaremos tu idea, tu borrador, tu primer cap\u00edtulo y tambi\u00e9n tu narraci\u00f3n completa y lo convertiremos en un producto que tenga posibilidades reales de llegar hasta el final. Tambi\u00e9n hablaremos del mercado editorial, de c\u00f3mo funciona y de c\u00f3mo no funciona, de que esperan de ti y de que puedes esperar de los editores o de las agencias literarias. <\/span><\/p>\n<\/div>\n<\/div>\n<\/div>\n<\/div>\n<\/div>\n<div class=\"brz-columns brz-css-jGzHP brz-css-pIqVF\" data-brz-custom-id=\"ncyikixldwrhgrxgvopuhutdubhagnawthts\">\n<div class=\"brz-bg\"><\/div>\n<div class=\"brz-column__items brz-css-wiQnp brz-css-mrgDh\">\n<div id class=\"brz-css-lubjB brz-css-vRuDn brz-wrapper\">\n<div class=\"brz-image brz-css-uFH2I\" data-brz-custom-id=\"omxkqorewmombwsoqwaftiyovcvbyxjaajee\"><img decoding=\"async\" class=\"brz-img\" src=\"https:\/\/victorpanicello.com\/wp-content\/uploads\/brizy\/imgs\/nunca_3-603x904x0x0x603x904x1573851821.jpg\" alt=\"\" loading=\"lazy\"><\/div>\n<\/div>\n<\/div>\n<\/div>\n<\/div>\n<\/div>\n<\/div>\n<\/div>\n<\/section>\n<section id=\"jioxxygvupiqeaiimmmgyqvkauoftdpcazuk\" class=\"brz-section brz-css-tkBma\">\n<div class=\"brz-section__content brz-section--boxed brz-css-xfXzT brz-css-v0gX6\" data-brz-custom-id=\"byxgbtdwjexagjhnawciledntqixczicpmrp\">\n<div class=\"brz-bg\">\n<div class=\"brz-bg-color\"><\/div>\n<\/div>\n<div class=\"brz-container brz-css-r_GIj\">\n<div class=\"brz-row__container brz-css-rvhdp brz-css-h_IIm\" data-brz-custom-id=\"vcqikigigbkmxssrkayoyixoieecrahiqfpd\">\n<div class=\"brz-bg\"><\/div>\n<div class=\"brz-row brz-css-nlLDS brz-css-wqLPA\">\n<div class=\"brz-columns brz-css-jGzHP brz-css-y4Hsy\" data-brz-custom-id=\"zmltbdxwtzytcxshjktjcewtulpclmbstila\">\n<div class=\"brz-bg\"><\/div>\n<div class=\"brz-column__items brz-css-wiQnp brz-css-acAui\">\n<div id class=\"brz-css-lubjB brz-css-c5mlf brz-wrapper\">\n<div class=\"brz-image brz-css-lUpqV\" data-brz-custom-id=\"kkyjuztfpwpvevbitmhbzlvmwgxqzgsittur\"><img decoding=\"async\" class=\"brz-img\" src=\"https:\/\/victorpanicello.com\/wp-content\/uploads\/brizy\/imgs\/laciutat_2-533x593x0x0x533x593x1573851821.jpg\" alt=\"\" loading=\"lazy\"><\/div>\n<\/div>\n<\/div>\n<\/div>\n<div class=\"brz-columns brz-css-jGzHP brz-css-lS2lu\" data-brz-custom-id=\"xzparrwhubjrdrjrdkdpxvmxkyqwaqckwwbc\">\n<div class=\"brz-bg\"><\/div>\n<div class=\"brz-column__items brz-css-wiQnp brz-css-eEkTD\">\n<div id class=\"brz-css-lubjB brz-css-rNQCY brz-wrapper\">\n<div class=\"brz-rich-text brz-rich-text__custom brz-css-hNmuZ\" data-brz-custom-id=\"ucepebodekgquxearcpvrpkaongiiramhjon\">\n<div data-brz-translate-text=\"1\">\n<p class=\"brz-fs-sm-im-20 brz-fs-lg-36 brz-ft-google brz-ff-playfair_display brz-ls-xs-im-m_1 brz-ls-sm-im-m_1 brz-ls-lg-m_1_5 brz-lh-xs-im-1_3 brz-lh-sm-im-1_3 brz-lh-lg-1_3 brz-fw-lg-700 brz-fw-sm-im-700 brz-fw-xs-im-700 brz-fs-xs-37 brz-css-sDNTD\"><span class=\"brz-cp-color2\">Primero hay que so\u00f1ar, <\/span><\/p>\n<p class=\"brz-fs-sm-im-20 brz-fs-lg-36 brz-ft-google brz-ff-playfair_display brz-ls-xs-im-m_1 brz-ls-sm-im-m_1 brz-ls-lg-m_1_5 brz-lh-xs-im-1_3 brz-lh-sm-im-1_3 brz-lh-lg-1_3 brz-fw-lg-700 brz-fw-sm-im-700 brz-fw-xs-im-700 brz-fs-xs-37 brz-css-mSYDs\"><span class=\"brz-cp-color2\">pero despu\u00e9s hay que caminar.<\/span><\/p>\n<\/div>\n<\/div>\n<\/div>\n<div id class=\"brz-css-lubjB brz-wrapper\">\n<div class=\"brz-rich-text brz-rich-text__custom brz-css-hNmuZ\" data-brz-custom-id=\"iipfswxhdgtkywlxbrkwbacogqbawcskxger\">\n<div data-brz-translate-text=\"1\">\n<p class=\"brz-fw-xs-im-700 brz-fw-sm-im-700 brz-fw-lg-700 brz-fs-xs-im-18 brz-fs-sm-im-18 brz-fs-lg-19 brz-ft-google brz-ff-playfair_display brz-ls-xs-im-0 brz-ls-sm-im-0 brz-ls-lg-0 brz-lh-xs-im-1_6 brz-lh-sm-im-1_6 brz-lh-lg-1_7 brz-mb-lg-20 brz-mb-xs-15 brz-text-xs-left brz-css-h8a6Q\"><span class=\"brz-cp-color3\">Colectivos sociales<\/span><\/p>\n<p class=\"brz-ft-google brz-mb-lg-20 brz-mb-xs-15 brz-lh-lg-1_7 brz-lh-sm-im-1_6 brz-lh-xs-im-1_6 brz-fs-lg-16 brz-fs-sm-im-15 brz-fs-xs-im-15 brz-ls-lg-0 brz-ls-sm-im-0 brz-ls-xs-im-0 brz-ff-montserrat brz-fw-lg-400 brz-fw-sm-im-400 brz-fw-xs-im-400 brz-text-lg-left brz-text-xs-left brz-css-xqg1W\"><span class=\"brz-cp-color1\">Ya hace unos cu\u00e1ntos a\u00f1os que dise\u00f1o y llevo a cabo proyectos de creaci\u00f3n literaria colectiva con grupos de j\u00f3venes con riesgos de exclusi\u00f3n social \u2013 enfermos, inmigrantes, trastornos de la conducta alimentaria, invidentes\u2026 \u2013 Para poderlo hacer, he contado con el apoyo de prestigiosas instituciones que trabajan en este campo: Hospital San Joan de D\u00e9u, ONCE, Casal dels Infants, Obra Social de La Caixa, Fundaci\u00f3n ABB, Instituci\u00f3n de las Letras Catalanas y otras.<\/span><\/p>\n<p class=\"brz-ft-google brz-mb-lg-20 brz-mb-xs-15 brz-lh-lg-1_7 brz-lh-sm-im-1_6 brz-lh-xs-im-1_6 brz-fs-lg-16 brz-fs-sm-im-15 brz-fs-xs-im-15 brz-ls-lg-0 brz-ls-sm-im-0 brz-ls-xs-im-0 brz-ff-montserrat brz-fw-lg-400 brz-fw-sm-im-400 brz-fw-xs-im-400 brz-text-lg-left brz-text-xs-left brz-css-mG7eX\"><span class=\"brz-cp-color1\">Estos procesos han servido para construir historias, publicar libros, dar a conocer los colectivos, trabajar juntos y fortalecer v\u00ednculos, presentarlos en la sociedad, hacerlos participar y sentirse part\u00edcipes\u2026 aprender. Todos los libros publicados han sido un \u00e9xito\u2026 incluso antes de llegar a las librer\u00edas.<\/span><\/p>\n<p class=\"brz-ft-google brz-mb-lg-20 brz-mb-xs-15 brz-lh-lg-1_7 brz-lh-sm-im-1_6 brz-lh-xs-im-1_6 brz-fs-lg-16 brz-fs-sm-im-15 brz-fs-xs-im-15 brz-ls-lg-0 brz-ls-sm-im-0 brz-ls-xs-im-0 brz-ff-montserrat brz-fw-lg-400 brz-fw-sm-im-400 brz-fw-xs-im-400 brz-text-lg-left brz-text-xs-left brz-css-lWcO9\"><span class=\"brz-cp-color1\">Si tu empresa, instituci\u00f3n o entidad social piensa que ser\u00eda atractivo poder poner en marcha un proyecto de este tipo, no dudes en ponerte en contacto y valoraremos el mejor camino para convertirlo en una realidad. Hay que dar voz a quien m\u00e1s la necesita. <\/span><\/p>\n<\/div>\n<\/div>\n<\/div>\n<\/div>\n<\/div>\n<\/div>\n<\/div>\n<\/div>\n<\/div>\n<\/section>\n<section id=\"yougyfxfcqjbtkftoiorryxqyqpndpdrqvss\" class=\"brz-section brz-css-tkBma\">\n<div class=\"brz-section__content brz-section--boxed brz-css-xfXzT brz-css-dY76v\" data-brz-custom-id=\"oppwqwodsyclroyyheswjyjdmggcuwsudprq\">\n<div class=\"brz-bg\">\n<div class=\"brz-bg-color\"><\/div>\n<\/div>\n<div class=\"brz-container brz-css-r_GIj\">\n<div class=\"brz-row__container brz-css-rvhdp\" data-brz-custom-id=\"nehbfurezueygfmqbudlhgrwvuuimurjscnv\">\n<div class=\"brz-bg\"><\/div>\n<div class=\"brz-row brz-css-nlLDS brz-css-wqLPA\">\n<div class=\"brz-columns brz-css-jGzHP brz-css-bAthA\" data-brz-custom-id=\"czzdcpgiaycocnkvqjjadhtfpwdhkacegulm\">\n<div class=\"brz-bg\"><\/div>\n<div class=\"brz-column__items brz-css-wiQnp brz-css-sqv_n\">\n<div id class=\"brz-css-lubjB brz-css-vLKiS brz-wrapper\">\n<div class=\"brz-rich-text brz-rich-text__custom brz-css-hNmuZ\" data-brz-custom-id=\"oecegswsyoxisrumedtdxdxdtqdqpfxfblux\">\n<div data-brz-translate-text=\"1\">\n<p class=\"brz-fs-sm-im-20 brz-fs-lg-36 brz-ft-google brz-ff-playfair_display brz-ls-xs-im-m_1 brz-ls-sm-im-m_1 brz-ls-lg-m_1_5 brz-lh-xs-im-1_3 brz-lh-sm-im-1_3 brz-lh-lg-1_3 brz-fw-lg-700 brz-fw-sm-im-700 brz-fw-xs-im-700 brz-fs-xs-37 brz-css-bSnWU\"><span class=\"brz-cp-color2\">A escribir se aprende<\/span><\/p>\n<p class=\"brz-fs-sm-im-20 brz-fs-lg-36 brz-ft-google brz-ff-playfair_display brz-ls-xs-im-m_1 brz-ls-sm-im-m_1 brz-ls-lg-m_1_5 brz-lh-xs-im-1_3 brz-lh-sm-im-1_3 brz-lh-lg-1_3 brz-fw-lg-700 brz-fw-sm-im-700 brz-fw-xs-im-700 brz-fs-xs-37 brz-css-p58CJ\"><span class=\"brz-cp-color2\">escrivint.<\/span><\/p>\n<\/div>\n<\/div>\n<\/div>\n<div id class=\"brz-css-lubjB brz-wrapper\">\n<div class=\"brz-rich-text brz-rich-text__custom brz-css-hNmuZ\" data-brz-custom-id=\"ccadpkjlmxniroohursglgkrqzazutttibuv\">\n<div data-brz-translate-text=\"1\">\n<p class=\"brz-fw-xs-im-700 brz-fw-sm-im-700 brz-fw-lg-700 brz-fs-xs-im-18 brz-fs-sm-im-18 brz-fs-lg-19 brz-ft-google brz-ff-playfair_display brz-ls-xs-im-0 brz-ls-sm-im-0 brz-ls-lg-0 brz-lh-xs-im-1_6 brz-lh-sm-im-1_6 brz-lh-lg-1_7 brz-mb-lg-20 brz-mb-xs-15 brz-text-xs-justify brz-css-r9aiQ\"><span class=\"brz-cp-color3\">Talleres literarios<\/span><\/p>\n<p class=\"brz-ft-google brz-mb-lg-20 brz-mb-xs-15 brz-lh-lg-1_7 brz-lh-sm-im-1_6 brz-lh-xs-im-1_6 brz-fs-lg-16 brz-fs-sm-im-15 brz-fs-xs-im-15 brz-ls-lg-0 brz-ls-sm-im-0 brz-ls-xs-im-0 brz-ff-montserrat brz-fw-lg-400 brz-fw-sm-im-400 brz-fw-xs-im-400 brz-text-lg-left brz-text-xs-justify brz-css-jOtDF\"><span class=\"brz-cp-color1\">Si quieres organizar un taller literario EN tu empresa, en tu escuela, en la biblioteca o a cualquier otro entidad o instituci\u00f3n, te ofrezco la posibilidad de hacerlo en diferentes formatos que permitan a los participantes comprender los mecanismos de la creaci\u00f3n literaria.<\/span><\/p>\n<p class=\"brz-ft-google brz-mb-lg-20 brz-mb-xs-15 brz-lh-lg-1_7 brz-lh-sm-im-1_6 brz-lh-xs-im-1_6 brz-fs-lg-16 brz-fs-sm-im-15 brz-fs-xs-im-15 brz-ls-lg-0 brz-ls-sm-im-0 brz-ls-xs-im-0 brz-ff-montserrat brz-fw-lg-400 brz-fw-sm-im-400 brz-fw-xs-im-400 brz-text-lg-left brz-text-xs-justify brz-css-wXn0t\"><span class=\"brz-cp-color1\">Desde una aproximaci\u00f3n totalmente pr\u00e1ctica, adentraremos a los participantes en el mundo del lenguaje, desarrollando t\u00e9cnicas de expresi\u00f3n escrita y de construcci\u00f3n narrativa. El objetivo ser\u00e1 aprender y disfrutar mientras construimos historias de fantas\u00eda, realistas, emocionantes, trepidantes y sobre todo coherentes, consiguiendo resultados satisfactorios a nivel individual y de grupo. <\/span><\/p>\n<\/div>\n<\/div>\n<\/div>\n<\/div>\n<\/div>\n<div class=\"brz-columns brz-css-jGzHP brz-css-fayZx\" data-brz-custom-id=\"kyzqekkphnarzmnkcfdpevgiuzytnatjqbgv\">\n<div class=\"brz-bg\"><\/div>\n<div class=\"brz-column__items brz-css-wiQnp brz-css-eNh7r\">\n<div id class=\"brz-css-lubjB brz-css-rGYOW brz-wrapper\">\n<div class=\"brz-image brz-css-ejH0r\" data-brz-custom-id=\"iojjwvczewaddjkgklvnnmwokyyhhuyawsxz\"><img decoding=\"async\" class=\"brz-img\" src=\"https:\/\/victorpanicello.com\/wp-content\/uploads\/brizy\/imgs\/panicello-1080x675-1181x738x289x0x603x738x1601136086.jpg\" alt=\"\" loading=\"lazy\"><\/div>\n<\/div>\n<\/div>\n<\/div>\n<\/div>\n<\/div>\n<\/div>\n<\/div>\n<\/section>\n<\/div>\n<p>    <!-- version:1742947599 --><\/p>","protected":false},"excerpt":{"rendered":"<p>Convertir-se en escriptor requereix alguna cosa m\u00e9s que voler escriure. Coaching Literari Escriure \u00e9s un exercici d\u2019exterioritzar all\u00f2 que primer cal construir des de l\u2019interior i per fer-ho cal una combinaci\u00f3 equilibrada de dos elements que no sempre encaixen: la creativitat i el rigor. Molts dels factors que cal dominar en un relat, requereixen, sovint,<\/p>","protected":false},"author":1,"featured_media":0,"parent":0,"menu_order":0,"comment_status":"closed","ping_status":"closed","template":"","meta":{"footnotes":""},"class_list":["post-1667","page","type-page","status-publish","hentry"],"brizy_media":[{"id":1043,"url":"https:\/\/victorpanicello.com\/wp-content\/uploads\/2019\/11\/que_sientes_1.jpg","name":"que_sientes_1.jpg","meta":{"brizy_attachment_uid":"wp-a7e3bc3417e11e63d9c507bf73f663bf","brizy_post_uid":["4f43dd87a701aff839a9f71921a62049","5d6608cb8f8c4127a8b1329188e53b3f","ead8a4550ac8402730b38ac1b8f01138"]}},{"id":1175,"url":"https:\/\/victorpanicello.com\/wp-content\/uploads\/2019\/11\/que_sents_quan_no_sents_res_presentacio_7.jpg","name":"que_sents_quan_no_sents_res_presentacio_7.jpg","meta":{"brizy_attachment_uid":"wp-7f439e9166f67cacb943cda926e9109f","brizy_post_uid":["29ecf3491eadbdf8a3974515b2912ba7","ead8a4550ac8402730b38ac1b8f01138"]}},{"id":1235,"url":"https:\/\/victorpanicello.com\/wp-content\/uploads\/2019\/11\/SLIDE1.jpg","name":"SLIDE1.jpg","meta":{"brizy_attachment_uid":"wp-c8bc83c98ab295d940e2078096744737","brizy_post_uid":["5f48b08409d4d4427d7c94df783e3e46","ead8a4550ac8402730b38ac1b8f01138"]}},{"id":1304,"url":"https:\/\/victorpanicello.com\/wp-content\/uploads\/2019\/11\/laciutat_2.jpg","name":"laciutat_2.jpg","meta":{"brizy_attachment_uid":"wp-d8f16a4c9748865d9b314e5c127aec45","brizy_post_uid":["9bc72ed1dd7c9500fff8820edc997ebe","149c86064861ebd2705da95efd7b3675","ead8a4550ac8402730b38ac1b8f01138"]}},{"id":1389,"url":"https:\/\/victorpanicello.com\/wp-content\/uploads\/2019\/11\/nunca_3.jpg","name":"nunca_3.jpg","meta":{"brizy_attachment_uid":"wp-00edf37be1f6ffef2aa0a17f5e03f91d","brizy_post_uid":["9bc1b50fb9d7fbb5d395d769750d7baf","507719abaf4526e632608ce82497b782","ead8a4550ac8402730b38ac1b8f01138"]}},{"id":1683,"url":"https:\/\/victorpanicello.com\/wp-content\/uploads\/2019\/11\/panicello-1080x675.jpg","name":"panicello-1080x675.jpg","meta":{"brizy_attachment_uid":"wp-5bc15d35041dfe62874edcf14314c420","brizy_post_uid":["ead8a4550ac8402730b38ac1b8f01138","e2ee123f452193a61ec2284b2ae7dad4"]}}],"_links":{"self":[{"href":"https:\/\/victorpanicello.com\/es\/wp-json\/wp\/v2\/pages\/1667","targetHints":{"allow":["GET"]}}],"collection":[{"href":"https:\/\/victorpanicello.com\/es\/wp-json\/wp\/v2\/pages"}],"about":[{"href":"https:\/\/victorpanicello.com\/es\/wp-json\/wp\/v2\/types\/page"}],"author":[{"embeddable":true,"href":"https:\/\/victorpanicello.com\/es\/wp-json\/wp\/v2\/users\/1"}],"replies":[{"embeddable":true,"href":"https:\/\/victorpanicello.com\/es\/wp-json\/wp\/v2\/comments?post=1667"}],"version-history":[{"count":16,"href":"https:\/\/victorpanicello.com\/es\/wp-json\/wp\/v2\/pages\/1667\/revisions"}],"predecessor-version":[{"id":1953,"href":"https:\/\/victorpanicello.com\/es\/wp-json\/wp\/v2\/pages\/1667\/revisions\/1953"}],"wp:attachment":[{"href":"https:\/\/victorpanicello.com\/es\/wp-json\/wp\/v2\/media?parent=1667"}],"curies":[{"name":"wp","href":"https:\/\/api.w.org\/{rel}","templated":true}]}}